{"id":22,"date":"2022-07-23T19:12:45","date_gmt":"2022-07-23T19:12:45","guid":{"rendered":"https:\/\/art.webd3sign.com\/?page_id=22"},"modified":"2024-06-29T22:02:52","modified_gmt":"2024-06-29T22:02:52","slug":"blog","status":"publish","type":"page","link":"https:\/\/art.webd3sign.com\/index.php\/blog\/","title":{"rendered":"Blog"},"content":{"rendered":"\t\t<div data-elementor-type=\"wp-page\" data-elementor-id=\"22\" class=\"elementor elementor-22\" data-elementor-post-type=\"page\">\n\t\t\t\t\t\t<section class=\"elementor-section elementor-top-section elementor-element elementor-element-def7b0c elementor-section-height-min-height elementor-section-boxed elementor-section-height-default elementor-section-items-middle\" data-id=\"def7b0c\" data-element_type=\"section\" data-e-type=\"section\" data-settings=\"{&quot;background_background&quot;:&quot;classic&quot;}\">\n\t\t\t\t\t\t<div class=\"elementor-container elementor-column-gap-default\">\n\t\t\t\t\t<div class=\"elementor-column elementor-col-100 elementor-top-column elementor-element elementor-element-65995c5\" data-id=\"65995c5\" data-element_type=\"column\" data-e-type=\"column\">\n\t\t\t<div class=\"elementor-widget-wrap elementor-element-populated\">\n\t\t\t\t\t\t<div class=\"elementor-element elementor-element-4963954 elementor-shape-circle elementor-widget__width-auto elementor-fixed elementor-grid-0 e-grid-align-center elementor-widget elementor-widget-social-icons\" data-id=\"4963954\" data-element_type=\"widget\" data-e-type=\"widget\" data-settings=\"{&quot;_position&quot;:&quot;fixed&quot;}\" data-widget_type=\"social-icons.default\">\n\t\t\t\t<div class=\"elementor-widget-container\">\n\t\t\t\t\t\t\t<div class=\"elementor-social-icons-wrapper elementor-grid\">\n\t\t\t\t\t\t\t<span class=\"elementor-grid-item\">\n\t\t\t\t\t<a class=\"elementor-icon elementor-social-icon elementor-social-icon-whatsapp elementor-repeater-item-b8eae90\" href=\"https:\/\/wa.me\/qr\/SDVWB4TJWVBVN1\" target=\"_blank\">\n\t\t\t\t\t\t<span class=\"elementor-screen-only\">Whatsapp<\/span>\n\t\t\t\t\t\t<i aria-hidden=\"true\" class=\"fab fa-whatsapp\"><\/i>\t\t\t\t\t<\/a>\n\t\t\t\t<\/span>\n\t\t\t\t\t<\/div>\n\t\t\t\t\t\t<\/div>\n\t\t\t\t<\/div>\n\t\t\t\t\t<\/div>\n\t\t<\/div>\n\t\t\t\t\t<\/div>\n\t\t<\/section>\n\t\t\t\t<section class=\"elementor-section elementor-top-section elementor-element elementor-element-5a80d021 elementor-section-height-min-height elementor-section-boxed elementor-section-height-default elementor-section-items-middle\" data-id=\"5a80d021\" data-element_type=\"section\" data-e-type=\"section\" data-settings=\"{&quot;background_background&quot;:&quot;classic&quot;}\">\n\t\t\t\t\t\t\t<div class=\"elementor-background-overlay\"><\/div>\n\t\t\t\t\t\t\t<div class=\"elementor-container elementor-column-gap-default\">\n\t\t\t\t\t<div class=\"elementor-column elementor-col-100 elementor-top-column elementor-element elementor-element-794fa8d\" data-id=\"794fa8d\" data-element_type=\"column\" data-e-type=\"column\">\n\t\t\t<div class=\"elementor-widget-wrap elementor-element-populated\">\n\t\t\t\t\t\t<section class=\"elementor-section elementor-inner-section elementor-element elementor-element-53f85481 elementor-section-boxed elementor-section-height-default elementor-section-height-default\" data-id=\"53f85481\" data-element_type=\"section\" data-e-type=\"section\">\n\t\t\t\t\t\t<div class=\"elementor-container elementor-column-gap-default\">\n\t\t\t\t\t<div class=\"elementor-column elementor-col-25 elementor-inner-column elementor-element elementor-element-736e07a\" data-id=\"736e07a\" data-element_type=\"column\" data-e-type=\"column\">\n\t\t\t<div class=\"elementor-widget-wrap elementor-element-populated\">\n\t\t\t\t\t\t<div class=\"elementor-element elementor-element-50ea2b17 elementor-widget-divider--view-line elementor-widget elementor-widget-divider\" data-id=\"50ea2b17\" data-element_type=\"widget\" data-e-type=\"widget\" data-widget_type=\"divider.default\">\n\t\t\t\t<div class=\"elementor-widget-container\">\n\t\t\t\t\t\t\t<div class=\"elementor-divider\">\n\t\t\t<span class=\"elementor-divider-separator\">\n\t\t\t\t\t\t<\/span>\n\t\t<\/div>\n\t\t\t\t\t\t<\/div>\n\t\t\t\t<\/div>\n\t\t\t\t\t<\/div>\n\t\t<\/div>\n\t\t\t\t<div class=\"elementor-column elementor-col-50 elementor-inner-column elementor-element elementor-element-48a757f3\" data-id=\"48a757f3\" data-element_type=\"column\" data-e-type=\"column\">\n\t\t\t<div class=\"elementor-widget-wrap elementor-element-populated\">\n\t\t\t\t\t\t<div class=\"elementor-element elementor-element-5a821fe1 elementor-widget elementor-widget-heading\" data-id=\"5a821fe1\" data-element_type=\"widget\" data-e-type=\"widget\" data-widget_type=\"heading.default\">\n\t\t\t\t<div class=\"elementor-widget-container\">\n\t\t\t\t\t<h2 class=\"elementor-heading-title elementor-size-default\">Recetas, Tips y M\u00e1s.<\/h2>\t\t\t\t<\/div>\n\t\t\t\t<\/div>\n\t\t\t\t\t<\/div>\n\t\t<\/div>\n\t\t\t\t<div class=\"elementor-column elementor-col-25 elementor-inner-column elementor-element elementor-element-677efa62\" data-id=\"677efa62\" data-element_type=\"column\" data-e-type=\"column\">\n\t\t\t<div class=\"elementor-widget-wrap elementor-element-populated\">\n\t\t\t\t\t\t<div class=\"elementor-element elementor-element-77fda955 elementor-widget-divider--view-line elementor-widget elementor-widget-divider\" data-id=\"77fda955\" data-element_type=\"widget\" data-e-type=\"widget\" data-widget_type=\"divider.default\">\n\t\t\t\t<div class=\"elementor-widget-container\">\n\t\t\t\t\t\t\t<div class=\"elementor-divider\">\n\t\t\t<span class=\"elementor-divider-separator\">\n\t\t\t\t\t\t<\/span>\n\t\t<\/div>\n\t\t\t\t\t\t<\/div>\n\t\t\t\t<\/div>\n\t\t\t\t\t<\/div>\n\t\t<\/div>\n\t\t\t\t\t<\/div>\n\t\t<\/section>\n\t\t\t\t<section class=\"elementor-section elementor-inner-section elementor-element elementor-element-659b0eda elementor-section-boxed elementor-section-height-default elementor-section-height-default\" data-id=\"659b0eda\" data-element_type=\"section\" data-e-type=\"section\">\n\t\t\t\t\t\t<div class=\"elementor-container elementor-column-gap-default\">\n\t\t\t\t\t<div class=\"elementor-column elementor-col-50 elementor-inner-column elementor-element elementor-element-58da56a3\" data-id=\"58da56a3\" data-element_type=\"column\" data-e-type=\"column\" data-settings=\"{&quot;background_background&quot;:&quot;classic&quot;}\">\n\t\t\t<div class=\"elementor-widget-wrap elementor-element-populated\">\n\t\t\t\t\t\t<div class=\"elementor-element elementor-element-570ffdd elementor-widget elementor-widget-heading\" data-id=\"570ffdd\" data-element_type=\"widget\" data-e-type=\"widget\" data-widget_type=\"heading.default\">\n\t\t\t\t<div class=\"elementor-widget-container\">\n\t\t\t\t\t<h3 class=\"elementor-heading-title elementor-size-default\">Recetas Rapidas<\/h3>\t\t\t\t<\/div>\n\t\t\t\t<\/div>\n\t\t\t\t<div class=\"elementor-element elementor-element-67032978 elementor-widget elementor-widget-text-editor\" data-id=\"67032978\" data-element_type=\"widget\" data-e-type=\"widget\" data-widget_type=\"text-editor.default\">\n\t\t\t\t<div class=\"elementor-widget-container\">\n\t\t\t\t\t\t\t\t\t<p>El salm\u00f3n es un pescado rico en \u00e1cidos omega 3, con propiedades beneficiosas para el sistema cardiovascular. Tiene la ventaja, adem\u00e1s, de que se puede cocinar de much\u00edsimas formas distintas y acompa\u00f1arlo con las guarniciones m\u00e1s variadas. Te proponemos una versi\u00f3n super saludable, r\u00e1pida y muy f\u00e1cil de preparar: al grill, con una ensalada variada, a la que a\u00f1adiremos un poco queso feta.<br \/>INGREDIENTES:<br \/>Lomo de Salm\u00f3n fresco<br \/>2 cc de Mostaza<br \/>1 cs de Aceite de oliva virgen extra<br \/>200 g de R\u00facula<br \/>1 ud de Cebolla morada<br \/>1 ud de Pepino<br \/>100 g de Tomates Cherry<br \/>50 g de Aceitunas negras deshuesadas<br \/>100 g de Queso feta<br \/>1 ud de Lim\u00f3n<br \/>Sal<br \/>Pimienta<\/p>\t\t\t\t\t\t\t\t<\/div>\n\t\t\t\t<\/div>\n\t\t\t\t\t<\/div>\n\t\t<\/div>\n\t\t\t\t<div class=\"elementor-column elementor-col-50 elementor-inner-column elementor-element elementor-element-7fad6d76\" data-id=\"7fad6d76\" data-element_type=\"column\" data-e-type=\"column\">\n\t\t\t<div class=\"elementor-widget-wrap elementor-element-populated\">\n\t\t\t\t\t\t<div class=\"elementor-element elementor-element-8a26c60 elementor-widget elementor-widget-image\" data-id=\"8a26c60\" data-element_type=\"widget\" data-e-type=\"widget\" data-widget_type=\"image.default\">\n\t\t\t\t<div class=\"elementor-widget-container\">\n\t\t\t\t\t\t\t\t\t\t\t\t\t\t\t<img fetchpriority=\"high\" decoding=\"async\" width=\"800\" height=\"600\" src=\"https:\/\/art.webd3sign.com\/wp-content\/uploads\/2022\/08\/salmon-pescado-mariscos-518032-1024x768.jpg\" class=\"elementor-animation-hang attachment-large size-large wp-image-355\" alt=\"salm\u00f3n, pescado, mariscos-518032.jpg\" srcset=\"https:\/\/art.webd3sign.com\/wp-content\/uploads\/2022\/08\/salmon-pescado-mariscos-518032-1024x768.jpg 1024w, https:\/\/art.webd3sign.com\/wp-content\/uploads\/2022\/08\/salmon-pescado-mariscos-518032-300x225.jpg 300w, https:\/\/art.webd3sign.com\/wp-content\/uploads\/2022\/08\/salmon-pescado-mariscos-518032-768x576.jpg 768w, https:\/\/art.webd3sign.com\/wp-content\/uploads\/2022\/08\/salmon-pescado-mariscos-518032.jpg 1280w\" sizes=\"(max-width: 800px) 100vw, 800px\" \/>\t\t\t\t\t\t\t\t\t\t\t\t\t\t\t<\/div>\n\t\t\t\t<\/div>\n\t\t\t\t<div class=\"elementor-element elementor-element-05813f9 elementor-widget elementor-widget-text-editor\" data-id=\"05813f9\" data-element_type=\"widget\" data-e-type=\"widget\" data-widget_type=\"text-editor.default\">\n\t\t\t\t<div class=\"elementor-widget-container\">\n\t\t\t\t\t\t\t\t\t<p>PREPARACI\u00d3N<br \/>1. Mezclamos en un bol el aceite, la mostaza, sal y pimienta.<br \/>2. Con una brocha untamos los lomos de salm\u00f3n con esta mezcla por toda la superficie.<br \/>3. Los cocinamos en una sart\u00e9n con grill unos 3 minutos por cada lado.<br \/>4. Pelamos y cortamos la cebolla en aros.<br \/>5. Lavamos, secamos y cortamos los tomatitos y el pepino.<br \/>6. Desmenuzamos el queso feta.<br \/>7. Mezclamos la r\u00facula, el tomate, el queso, la cebolla, el pepino y las aceitunas negras.<br \/>8. Aderezamos la ensalada con sal, zumo de lim\u00f3n y unas gotas de aceite.<br \/>9. Servimos en los platos los lomos de salm\u00f3n y acompa\u00f1amos con la ensalada mediterr\u00e1nea<\/p>\t\t\t\t\t\t\t\t<\/div>\n\t\t\t\t<\/div>\n\t\t\t\t\t<\/div>\n\t\t<\/div>\n\t\t\t\t\t<\/div>\n\t\t<\/section>\n\t\t\t\t<div class=\"elementor-element elementor-element-f0f9fb9 elementor-widget-divider--view-line elementor-widget elementor-widget-divider\" data-id=\"f0f9fb9\" data-element_type=\"widget\" data-e-type=\"widget\" data-widget_type=\"divider.default\">\n\t\t\t\t<div class=\"elementor-widget-container\">\n\t\t\t\t\t\t\t<div class=\"elementor-divider\">\n\t\t\t<span class=\"elementor-divider-separator\">\n\t\t\t\t\t\t<\/span>\n\t\t<\/div>\n\t\t\t\t\t\t<\/div>\n\t\t\t\t<\/div>\n\t\t\t\t<section class=\"elementor-section elementor-inner-section elementor-element elementor-element-7325eace elementor-reverse-mobile elementor-section-boxed elementor-section-height-default elementor-section-height-default\" data-id=\"7325eace\" data-element_type=\"section\" data-e-type=\"section\">\n\t\t\t\t\t\t<div class=\"elementor-container elementor-column-gap-default\">\n\t\t\t\t\t<div class=\"elementor-column elementor-col-50 elementor-inner-column elementor-element elementor-element-4ea58950 elementor-invisible\" data-id=\"4ea58950\" data-element_type=\"column\" data-e-type=\"column\" data-settings=\"{&quot;animation&quot;:&quot;fadeIn&quot;}\">\n\t\t\t<div class=\"elementor-widget-wrap elementor-element-populated\">\n\t\t\t\t\t\t<div class=\"elementor-element elementor-element-29b92bc6 elementor-widget elementor-widget-image\" data-id=\"29b92bc6\" data-element_type=\"widget\" data-e-type=\"widget\" data-widget_type=\"image.default\">\n\t\t\t\t<div class=\"elementor-widget-container\">\n\t\t\t\t\t\t\t\t\t\t\t\t\t\t\t<img decoding=\"async\" src=\"https:\/\/art.webd3sign.com\/wp-content\/uploads\/elementor\/thumbs\/WhatsApp-Image-2022-08-14-at-6.22.28-PM-r1y5lh3r8bxxo4vjsfxu2azn3zpbhbym3nqsjp6qkw.jpeg\" title=\"hamburguesa1\" alt=\"hamburguesa1\" class=\"elementor-animation-hang\" loading=\"lazy\" \/>\t\t\t\t\t\t\t\t\t\t\t\t\t\t\t<\/div>\n\t\t\t\t<\/div>\n\t\t\t\t\t<\/div>\n\t\t<\/div>\n\t\t\t\t<div class=\"elementor-column elementor-col-50 elementor-inner-column elementor-element elementor-element-332a1d42\" data-id=\"332a1d42\" data-element_type=\"column\" data-e-type=\"column\" data-settings=\"{&quot;background_background&quot;:&quot;classic&quot;}\">\n\t\t\t<div class=\"elementor-widget-wrap elementor-element-populated\">\n\t\t\t\t\t\t<div class=\"elementor-element elementor-element-11883a40 elementor-widget elementor-widget-heading\" data-id=\"11883a40\" data-element_type=\"widget\" data-e-type=\"widget\" data-widget_type=\"heading.default\">\n\t\t\t\t<div class=\"elementor-widget-container\">\n\t\t\t\t\t<h3 class=\"elementor-heading-title elementor-size-default\">Hamburguesa Casera<\/h3>\t\t\t\t<\/div>\n\t\t\t\t<\/div>\n\t\t\t\t<div class=\"elementor-element elementor-element-ba37e7e elementor-widget elementor-widget-text-editor\" data-id=\"ba37e7e\" data-element_type=\"widget\" data-e-type=\"widget\" data-widget_type=\"text-editor.default\">\n\t\t\t\t<div class=\"elementor-widget-container\">\n\t\t\t\t\t\t\t\t\t<p>La hamburguesa casera es probablemente la receta m\u00e1s popular del mundo. Las hamburguesas no son m\u00e1s que un filete de carne picada, al que se le echan varios ingredientes al gusto y despu\u00e9s se ligan entre s\u00ed. Hoy en d\u00eda esta receta se suele atribuir a la cultura estadounidense pero, ya los patricios romanos ten\u00edan una versi\u00f3n de la hamburguesa. Mucho m\u00e1s tarde, los alemanes la llevaron a Estados Unidos y fueron \u00e9stos quienes las comercializaron por todo el mundo. Aqu\u00ed, vamos a hacer una hamburguesa est\u00e1ndar, con los ingredientes m\u00e1s b\u00e1sicos, incluidos los que pondremos en el pan. Ten en cuenta que despu\u00e9s podr\u00e1s a\u00f1adir o eliminar a tu gusto. Veamos como hacer unas hamburguesas caseras.<\/p>\t\t\t\t\t\t\t\t<\/div>\n\t\t\t\t<\/div>\n\t\t\t\t\t<\/div>\n\t\t<\/div>\n\t\t\t\t\t<\/div>\n\t\t<\/section>\n\t\t\t\t<section class=\"elementor-section elementor-inner-section elementor-element elementor-element-adce2df elementor-section-boxed elementor-section-height-default elementor-section-height-default\" data-id=\"adce2df\" data-element_type=\"section\" data-e-type=\"section\">\n\t\t\t\t\t\t<div class=\"elementor-container elementor-column-gap-default\">\n\t\t\t\t\t<div class=\"elementor-column elementor-col-50 elementor-inner-column elementor-element elementor-element-06ec9c1\" data-id=\"06ec9c1\" data-element_type=\"column\" data-e-type=\"column\">\n\t\t\t<div class=\"elementor-widget-wrap elementor-element-populated\">\n\t\t\t\t\t\t<div class=\"elementor-element elementor-element-f09f2f5 elementor-widget elementor-widget-text-editor\" data-id=\"f09f2f5\" data-element_type=\"widget\" data-e-type=\"widget\" data-widget_type=\"text-editor.default\">\n\t\t\t\t<div class=\"elementor-widget-container\">\n\t\t\t\t\t\t\t\t\t<p>Ingredientes para hacer la hamburguesa:<br \/>250g de carne picada de vacuno y 250g de carne picada de cerdo<br \/>2 huevos<br \/>40g de pan rallado<br \/>1 cucharada de mostaza (puedes a\u00f1adir otra de salsa de tomate, si lo deseas)<br \/>2 dientes de ajo y 1\/4 de cebolla, picados y previamente pasados por la sart\u00e9n<br \/>sal y pimienta<br \/>Para montar la hamburguesa:<br \/>4 panes de hamburguesa<br \/>Unas hojas de lechuga<br \/>4 rodajas finas de tomate<br \/>4 lonchas de queso<br \/>1 cebolla cortada en forma de aros<br \/>ketchup, mahonesa, mostaza\u2026. La salsa que m\u00e1s nos guste<\/p>\t\t\t\t\t\t\t\t<\/div>\n\t\t\t\t<\/div>\n\t\t\t\t\t<\/div>\n\t\t<\/div>\n\t\t\t\t<div class=\"elementor-column elementor-col-50 elementor-inner-column elementor-element elementor-element-5d59a9e\" data-id=\"5d59a9e\" data-element_type=\"column\" data-e-type=\"column\">\n\t\t\t<div class=\"elementor-widget-wrap elementor-element-populated\">\n\t\t\t\t\t\t<div class=\"elementor-element elementor-element-87098b2 elementor-widget elementor-widget-text-editor\" data-id=\"87098b2\" data-element_type=\"widget\" data-e-type=\"widget\" data-widget_type=\"text-editor.default\">\n\t\t\t\t<div class=\"elementor-widget-container\">\n\t\t\t\t\t\t\t\t\t<p>Preparaci\u00f3n:<br \/>En un bol mezclamos los ingredientes de las hamburguesas caseras. Los huevos, les dar\u00e1n un toque de cremosidad extra mientras que el pan rallado que, como ves es poca cantidad para que mantengan dicha cremosidad, dar\u00e1n un toquecito de crujir. El ajo y la cebolla, las pocho previamente, para que no tenga un sabor demasiado salvaje aunque, si lo prefieres, puedes a\u00f1adirlo en crudo. Mezclamos con las manos limpias<br \/>Ahora dividimos la masa e 4 porciones iguales. Las amasamos una a una, pas\u00e1ndola r\u00e1pidamente de una mano a otra (as\u00ed, logramos que se desarrolle la prote\u00edna de la carne, evitando que la hamburguesa se deshaga durante la cocci\u00f3n) y despu\u00e9s, las aplastamos un poco, d\u00e1ndole la forma de hamburguesa<br \/>Las cocinamos. En una sart\u00e9n antiadherente, ponemos tan solo una gotita de aceite, a fuego medio y colocamos sobre ella las hamburguesas. El tiempo exacto de cocci\u00f3n depender\u00e1 del punto deseado de la carne. Si la queremos poco hecha, con 3 minutos por cada una de sus caras ser\u00e1 suficiente. Si la queremos m\u00e1s hecha, el doble de tiempo. Cuando le demos la vuelta, ponemos una loncha de queso encima de la hamburguesa, para que se vaya fundiendo.<br \/>Una vez hechas, montamos las hamburguesas. Ponemos en el pan, al cual previamente lo hemos pasado un poco por la sart\u00e9n para que est\u00e9 caliente, una base de lechuga y encima una rodaja de tomate. Encima colocamos las hamburguesas caseras con la loncha de queso y encima, unos aros de cebolla. Terminamos aderezando con nuestra salsa favorita.<br \/>\u00a1Y listo! \u00a1Ya tendremos nuestra hamburguesa casera hecha! Una comida de restaurante de comida r\u00e1pida, hecha en casa casa que, siempre es de agradecer. A la hora del montado, por supuesto, puedes a\u00f1adirle todos los ingredientes que desees; jam\u00f3n york, un huevo frito\u2026 Y puedes acompa\u00f1arla de unas buenas patatas fritas. \u00a1Espero que te guste!<\/p>\t\t\t\t\t\t\t\t<\/div>\n\t\t\t\t<\/div>\n\t\t\t\t\t<\/div>\n\t\t<\/div>\n\t\t\t\t\t<\/div>\n\t\t<\/section>\n\t\t\t\t\t<\/div>\n\t\t<\/div>\n\t\t\t\t\t<\/div>\n\t\t<\/section>\n\t\t\t\t<\/div>\n\t\t","protected":false},"excerpt":{"rendered":"<p>Whatsapp Recetas, Tips y M\u00e1s. Recetas Rapidas El salm\u00f3n es un pescado rico en \u00e1cidos omega 3, con propiedades beneficiosas para el sistema cardiovascular. Tiene la ventaja, adem\u00e1s, de que se puede cocinar de much\u00edsimas formas distintas y acompa\u00f1arlo con las guarniciones m\u00e1s variadas. Te proponemos una versi\u00f3n super saludable, r\u00e1pida y muy f\u00e1cil de [&hellip;]<\/p>\n","protected":false},"author":1,"featured_media":0,"parent":0,"menu_order":0,"comment_status":"closed","ping_status":"closed","template":"elementor_header_footer","meta":{"footnotes":""},"class_list":["post-22","page","type-page","status-publish","hentry"],"_links":{"self":[{"href":"https:\/\/art.webd3sign.com\/index.php\/wp-json\/wp\/v2\/pages\/22","targetHints":{"allow":["GET"]}}],"collection":[{"href":"https:\/\/art.webd3sign.com\/index.php\/wp-json\/wp\/v2\/pages"}],"about":[{"href":"https:\/\/art.webd3sign.com\/index.php\/wp-json\/wp\/v2\/types\/page"}],"author":[{"embeddable":true,"href":"https:\/\/art.webd3sign.com\/index.php\/wp-json\/wp\/v2\/users\/1"}],"replies":[{"embeddable":true,"href":"https:\/\/art.webd3sign.com\/index.php\/wp-json\/wp\/v2\/comments?post=22"}],"version-history":[{"count":55,"href":"https:\/\/art.webd3sign.com\/index.php\/wp-json\/wp\/v2\/pages\/22\/revisions"}],"predecessor-version":[{"id":1049,"href":"https:\/\/art.webd3sign.com\/index.php\/wp-json\/wp\/v2\/pages\/22\/revisions\/1049"}],"wp:attachment":[{"href":"https:\/\/art.webd3sign.com\/index.php\/wp-json\/wp\/v2\/media?parent=22"}],"curies":[{"name":"wp","href":"https:\/\/api.w.org\/{rel}","templated":true}]}}