{"id":24,"date":"2022-07-23T19:14:50","date_gmt":"2022-07-23T19:14:50","guid":{"rendered":"https:\/\/art.webd3sign.com\/?page_id=24"},"modified":"2024-06-29T21:59:43","modified_gmt":"2024-06-29T21:59:43","slug":"sobre-mi","status":"publish","type":"page","link":"https:\/\/art.webd3sign.com\/index.php\/sobre-mi\/","title":{"rendered":"Sobre m\u00ed"},"content":{"rendered":"\t\t<div data-elementor-type=\"wp-page\" data-elementor-id=\"24\" class=\"elementor elementor-24\" data-elementor-post-type=\"page\">\n\t\t\t\t\t\t<section class=\"elementor-section elementor-top-section elementor-element elementor-element-b6e59db elementor-section-height-min-height elementor-section-boxed elementor-section-height-default elementor-section-items-middle\" data-id=\"b6e59db\" data-element_type=\"section\" data-e-type=\"section\" data-settings=\"{&quot;background_background&quot;:&quot;classic&quot;}\">\n\t\t\t\t\t\t\t<div class=\"elementor-background-overlay\"><\/div>\n\t\t\t\t\t\t\t<div class=\"elementor-container elementor-column-gap-default\">\n\t\t\t\t\t<div class=\"elementor-column elementor-col-100 elementor-top-column elementor-element elementor-element-55ab49a\" data-id=\"55ab49a\" data-element_type=\"column\" data-e-type=\"column\">\n\t\t\t<div class=\"elementor-widget-wrap\">\n\t\t\t\t\t\t\t<\/div>\n\t\t<\/div>\n\t\t\t\t\t<\/div>\n\t\t<\/section>\n\t\t\t\t<section class=\"elementor-section elementor-top-section elementor-element elementor-element-16c5b73a elementor-reverse-tablet elementor-reverse-mobile elementor-section-boxed elementor-section-height-default elementor-section-height-default\" data-id=\"16c5b73a\" data-element_type=\"section\" data-e-type=\"section\" data-settings=\"{&quot;background_background&quot;:&quot;classic&quot;}\">\n\t\t\t\t\t\t\t<div class=\"elementor-background-overlay\"><\/div>\n\t\t\t\t\t\t\t<div class=\"elementor-container elementor-column-gap-default\">\n\t\t\t\t\t<div class=\"elementor-column elementor-col-50 elementor-top-column elementor-element elementor-element-6511e21c\" data-id=\"6511e21c\" data-element_type=\"column\" data-e-type=\"column\" data-settings=\"{&quot;background_background&quot;:&quot;classic&quot;}\">\n\t\t\t<div class=\"elementor-widget-wrap elementor-element-populated\">\n\t\t\t\t\t\t<div class=\"elementor-element elementor-element-25d31f93 elementor-widget elementor-widget-spacer\" data-id=\"25d31f93\" data-element_type=\"widget\" data-e-type=\"widget\" data-widget_type=\"spacer.default\">\n\t\t\t\t<div class=\"elementor-widget-container\">\n\t\t\t\t\t\t\t<div class=\"elementor-spacer\">\n\t\t\t<div class=\"elementor-spacer-inner\"><\/div>\n\t\t<\/div>\n\t\t\t\t\t\t<\/div>\n\t\t\t\t<\/div>\n\t\t\t\t<div class=\"elementor-element elementor-element-3e676f38 elementor-widget elementor-widget-spacer\" data-id=\"3e676f38\" data-element_type=\"widget\" data-e-type=\"widget\" data-widget_type=\"spacer.default\">\n\t\t\t\t<div class=\"elementor-widget-container\">\n\t\t\t\t\t\t\t<div class=\"elementor-spacer\">\n\t\t\t<div class=\"elementor-spacer-inner\"><\/div>\n\t\t<\/div>\n\t\t\t\t\t\t<\/div>\n\t\t\t\t<\/div>\n\t\t\t\t<div class=\"elementor-element elementor-element-5b2c811 elementor-widget elementor-widget-heading\" data-id=\"5b2c811\" data-element_type=\"widget\" data-e-type=\"widget\" data-widget_type=\"heading.default\">\n\t\t\t\t<div class=\"elementor-widget-container\">\n\t\t\t\t\t<h2 class=\"elementor-heading-title elementor-size-default\">Sobre m\u00ed.<\/h2>\t\t\t\t<\/div>\n\t\t\t\t<\/div>\n\t\t\t\t<div class=\"elementor-element elementor-element-aec654f elementor-widget elementor-widget-text-editor\" data-id=\"aec654f\" data-element_type=\"widget\" data-e-type=\"widget\" data-widget_type=\"text-editor.default\">\n\t\t\t\t<div class=\"elementor-widget-container\">\n\t\t\t\t\t\t\t\t\t<p>Despu\u00e9s de terminar mis estudios de bachillerato consegu\u00ed trabajo en un restaurante como lava losa y oficios varios, con el pasar de unos meses me dieron la oportunidad de ser auxiliar de cocina y fui adquiriendo experiencia.<\/p><p>Llegue a trabajar como cocinero con un gran empresario gastron\u00f3mico llamado <em>Leonardo katz Stein, <\/em>para la apertura de uno de los restaurantes m\u00e1s grandes que \u00e9l posee llamado <strong>La Mar cevichera, <\/strong>franquicia internacional del Chef mundialmente reconocido <em>Gast\u00f3n Acurio.<\/em><\/p><p>Entre mis \u00faltimas experiencias laborales me desempe\u00f1\u00e9 como jefe de cocina en el<strong> Grupo Nutreza <\/strong>en el \u00e1rea de alimentos para la apertura de un nuevo restaurante llamado <strong>Burger Bar By El Corral,<\/strong> en cu\u00e1l entre mis funciones fueron, Creaci\u00f3n y desarrollo de la carta, capacitador corporativo de la cadena de restaurantes <strong>Corral Gourmet<\/strong> y apoyo a las diferentes franquicias de alimentos de la compa\u00f1\u00eda, direccionamiento de personal, control, planificaci\u00f3n y supervisi\u00f3n de los est\u00e1ndares impuestos en la compa\u00f1\u00eda, manejo de imprevistos, manejo de clientes, contacto y manejo de aliados de la empresa, apoyo a la selecci\u00f3n de nuevos miembros del equipo de cocina, preparaci\u00f3n y manejo de visitas de auditoria, trabajo de la mano con director de operaciones y l\u00edderes de cada punto, entre otros.<\/p>\t\t\t\t\t\t\t\t<\/div>\n\t\t\t\t<\/div>\n\t\t\t\t\t<\/div>\n\t\t<\/div>\n\t\t\t\t<div class=\"elementor-column elementor-col-50 elementor-top-column elementor-element elementor-element-511f1ab2\" data-id=\"511f1ab2\" data-element_type=\"column\" data-e-type=\"column\">\n\t\t\t<div class=\"elementor-widget-wrap elementor-element-populated\">\n\t\t\t\t\t\t<div class=\"elementor-element elementor-element-53bf8aa5 elementor-widget elementor-widget-image-carousel\" data-id=\"53bf8aa5\" data-element_type=\"widget\" data-e-type=\"widget\" data-settings=\"{&quot;slides_to_show&quot;:&quot;1&quot;,&quot;navigation&quot;:&quot;none&quot;,&quot;autoplay_speed&quot;:1000,&quot;effect&quot;:&quot;fade&quot;,&quot;speed&quot;:600,&quot;pause_on_hover&quot;:&quot;no&quot;,&quot;pause_on_interaction&quot;:&quot;no&quot;,&quot;autoplay&quot;:&quot;yes&quot;,&quot;infinite&quot;:&quot;yes&quot;}\" data-widget_type=\"image-carousel.default\">\n\t\t\t\t<div class=\"elementor-widget-container\">\n\t\t\t\t\t\t\t<div class=\"elementor-image-carousel-wrapper swiper\" role=\"region\" aria-roledescription=\"carousel\" aria-label=\"Image Carousel\" dir=\"ltr\">\n\t\t\t<div class=\"elementor-image-carousel swiper-wrapper\" aria-live=\"off\">\n\t\t\t\t\t\t\t\t<div class=\"swiper-slide\" role=\"group\" aria-roledescription=\"slide\" aria-label=\"1 of 3\"><figure class=\"swiper-slide-inner\"><img decoding=\"async\" class=\"swiper-slide-image\" src=\"https:\/\/art.webd3sign.com\/wp-content\/uploads\/elementor\/thumbs\/casey-lee-105763-unsplash-min-r1y5lh3mcwsropkwgv5m53g7chb0472x5yvxz1sti0.jpg\" alt=\"casey-lee-105763-unsplash-min.jpg\" \/><\/figure><\/div><div class=\"swiper-slide\" role=\"group\" aria-roledescription=\"slide\" aria-label=\"2 of 3\"><figure class=\"swiper-slide-inner\"><img decoding=\"async\" class=\"swiper-slide-image\" src=\"https:\/\/art.webd3sign.com\/wp-content\/uploads\/elementor\/thumbs\/food-dish-beef-6714962-r1y5lg5s62rhd3m9mcqzkloqr3fmwhz6tu8ghru7o8.jpg\" alt=\"food, dish, beef-6714962.jpg\" \/><\/figure><\/div><div class=\"swiper-slide\" role=\"group\" aria-roledescription=\"slide\" aria-label=\"3 of 3\"><figure class=\"swiper-slide-inner\"><img decoding=\"async\" class=\"swiper-slide-image\" src=\"https:\/\/art.webd3sign.com\/wp-content\/uploads\/elementor\/thumbs\/couscous-salad-food-933385-r1y5lh3mcwsropkwgv5m53g7chb0472x5yvxz1sti0.jpg\" alt=\"couscous, salad, food-933385.jpg\" \/><\/figure><\/div>\t\t\t<\/div>\n\t\t\t\t\t\t\t\n\t\t\t\t\t\t\t\t\t<\/div>\n\t\t\t\t\t\t<\/div>\n\t\t\t\t<\/div>\n\t\t\t\t\t<\/div>\n\t\t<\/div>\n\t\t\t\t\t<\/div>\n\t\t<\/section>\n\t\t\t\t<\/div>\n\t\t","protected":false},"excerpt":{"rendered":"<p>Sobre m\u00ed. Despu\u00e9s de terminar mis estudios de bachillerato consegu\u00ed trabajo en un restaurante como lava losa y oficios varios, con el pasar de unos meses me dieron la oportunidad de ser auxiliar de cocina y fui adquiriendo experiencia. Llegue a trabajar como cocinero con un gran empresario gastron\u00f3mico llamado Leonardo katz Stein, para la [&hellip;]<\/p>\n","protected":false},"author":1,"featured_media":0,"parent":0,"menu_order":0,"comment_status":"closed","ping_status":"closed","template":"elementor_header_footer","meta":{"footnotes":""},"class_list":["post-24","page","type-page","status-publish","hentry"],"_links":{"self":[{"href":"https:\/\/art.webd3sign.com\/index.php\/wp-json\/wp\/v2\/pages\/24","targetHints":{"allow":["GET"]}}],"collection":[{"href":"https:\/\/art.webd3sign.com\/index.php\/wp-json\/wp\/v2\/pages"}],"about":[{"href":"https:\/\/art.webd3sign.com\/index.php\/wp-json\/wp\/v2\/types\/page"}],"author":[{"embeddable":true,"href":"https:\/\/art.webd3sign.com\/index.php\/wp-json\/wp\/v2\/users\/1"}],"replies":[{"embeddable":true,"href":"https:\/\/art.webd3sign.com\/index.php\/wp-json\/wp\/v2\/comments?post=24"}],"version-history":[{"count":97,"href":"https:\/\/art.webd3sign.com\/index.php\/wp-json\/wp\/v2\/pages\/24\/revisions"}],"predecessor-version":[{"id":1033,"href":"https:\/\/art.webd3sign.com\/index.php\/wp-json\/wp\/v2\/pages\/24\/revisions\/1033"}],"wp:attachment":[{"href":"https:\/\/art.webd3sign.com\/index.php\/wp-json\/wp\/v2\/media?parent=24"}],"curies":[{"name":"wp","href":"https:\/\/api.w.org\/{rel}","templated":true}]}}